{"id":695,"date":"2023-03-10T21:29:25","date_gmt":"2023-03-10T20:29:25","guid":{"rendered":"https:\/\/bodard.eu\/?page_id=695"},"modified":"2023-12-07T19:44:45","modified_gmt":"2023-12-07T18:44:45","slug":"location","status":"publish","type":"page","link":"https:\/\/bodard.eu\/index.php\/location\/","title":{"rendered":"Location de salles"},"content":{"rendered":"\n<hr class=\"wp-block-separator has-text-color has-cyan-bluish-gray-color has-alpha-channel-opacity has-cyan-bluish-gray-background-color has-background is-style-wide\"\/>\n\n\n\n<h2 class=\"wp-block-heading\">[LA GRANDE SALLE]<\/h2>\n\n\n\n<h2 class=\"wp-block-heading\">[LE PETIT SALON]<\/h2>\n\n\n\n<p>Lieu id\u00e9al pour r\u00e9unions, conf\u00e9rences, s\u00e9minaires, banquets et cocktails \u00e0 Chinon<\/p>\n\n\n\n<div class=\"wp-block-jetpack-slideshow aligncenter\" data-autoplay=\"true\" data-delay=\"5\" data-effect=\"fade\"><div class=\"wp-block-jetpack-slideshow_container swiper-container\"><ul class=\"wp-block-jetpack-slideshow_swiper-wrapper swiper-wrapper\"><li class=\"wp-block-jetpack-slideshow_slide swiper-slide\"><figure><img loading=\"lazy\" decoding=\"async\" width=\"1024\" height=\"768\" alt=\"\" class=\"wp-block-jetpack-slideshow_image wp-image-1226\" data-id=\"1226\" src=\"https:\/\/bodard.eu\/wp-content\/uploads\/2023\/12\/IMG_4368-1024x768.jpg\" srcset=\"https:\/\/bodard.eu\/wp-content\/uploads\/2023\/12\/IMG_4368-1024x768.jpg 1024w, https:\/\/bodard.eu\/wp-content\/uploads\/2023\/12\/IMG_4368-300x225.jpg 300w, https:\/\/bodard.eu\/wp-content\/uploads\/2023\/12\/IMG_4368-768x576.jpg 768w, https:\/\/bodard.eu\/wp-content\/uploads\/2023\/12\/IMG_4368-1536x1152.jpg 1536w, https:\/\/bodard.eu\/wp-content\/uploads\/2023\/12\/IMG_4368-2048x1536.jpg 2048w, https:\/\/bodard.eu\/wp-content\/uploads\/2023\/12\/IMG_4368-155x116.jpg 155w\" sizes=\"(max-width: 1024px) 100vw, 1024px\" \/><figcaption class=\"wp-block-jetpack-slideshow_caption gallery-caption\">L&#8217;h\u00f4tel Bodard de la Jacopi\u00e8re vous accueille <\/figcaption><\/figure><\/li><li class=\"wp-block-jetpack-slideshow_slide swiper-slide\"><figure><img loading=\"lazy\" decoding=\"async\" width=\"992\" height=\"1024\" alt=\"\" class=\"wp-block-jetpack-slideshow_image wp-image-1231\" data-id=\"1231\" src=\"https:\/\/bodard.eu\/wp-content\/uploads\/2023\/12\/Panorama-sans-titre1-992x1024.jpg\" srcset=\"https:\/\/bodard.eu\/wp-content\/uploads\/2023\/12\/Panorama-sans-titre1-992x1024.jpg 992w, https:\/\/bodard.eu\/wp-content\/uploads\/2023\/12\/Panorama-sans-titre1-291x300.jpg 291w, https:\/\/bodard.eu\/wp-content\/uploads\/2023\/12\/Panorama-sans-titre1-768x793.jpg 768w, https:\/\/bodard.eu\/wp-content\/uploads\/2023\/12\/Panorama-sans-titre1-1488x1536.jpg 1488w, https:\/\/bodard.eu\/wp-content\/uploads\/2023\/12\/Panorama-sans-titre1-1984x2048.jpg 1984w, https:\/\/bodard.eu\/wp-content\/uploads\/2023\/12\/Panorama-sans-titre1-112x116.jpg 112w\" sizes=\"(max-width: 992px) 100vw, 992px\" \/><figcaption class=\"wp-block-jetpack-slideshow_caption gallery-caption\">R\u00e9unions &#8211; S\u00e9minaires<\/figcaption><\/figure><\/li><li class=\"wp-block-jetpack-slideshow_slide swiper-slide\"><figure><img loading=\"lazy\" decoding=\"async\" width=\"1024\" height=\"768\" alt=\"\" class=\"wp-block-jetpack-slideshow_image wp-image-1228\" data-id=\"1228\" src=\"https:\/\/bodard.eu\/wp-content\/uploads\/2023\/12\/IMG_20231001_183320-1024x768.jpg\" srcset=\"https:\/\/bodard.eu\/wp-content\/uploads\/2023\/12\/IMG_20231001_183320-1024x768.jpg 1024w, https:\/\/bodard.eu\/wp-content\/uploads\/2023\/12\/IMG_20231001_183320-300x225.jpg 300w, https:\/\/bodard.eu\/wp-content\/uploads\/2023\/12\/IMG_20231001_183320-768x576.jpg 768w, https:\/\/bodard.eu\/wp-content\/uploads\/2023\/12\/IMG_20231001_183320-1536x1152.jpg 1536w, https:\/\/bodard.eu\/wp-content\/uploads\/2023\/12\/IMG_20231001_183320-2048x1536.jpg 2048w, https:\/\/bodard.eu\/wp-content\/uploads\/2023\/12\/IMG_20231001_183320-155x116.jpg 155w\" sizes=\"(max-width: 1024px) 100vw, 1024px\" \/><figcaption class=\"wp-block-jetpack-slideshow_caption gallery-caption\">Conf\u00e9rences<\/figcaption><\/figure><\/li><li class=\"wp-block-jetpack-slideshow_slide swiper-slide\"><figure><img loading=\"lazy\" decoding=\"async\" width=\"768\" height=\"1024\" alt=\"\" class=\"wp-block-jetpack-slideshow_image wp-image-1229\" data-id=\"1229\" src=\"https:\/\/bodard.eu\/wp-content\/uploads\/2023\/12\/P1018906-768x1024.jpg\" srcset=\"https:\/\/bodard.eu\/wp-content\/uploads\/2023\/12\/P1018906-768x1024.jpg 768w, https:\/\/bodard.eu\/wp-content\/uploads\/2023\/12\/P1018906-225x300.jpg 225w, https:\/\/bodard.eu\/wp-content\/uploads\/2023\/12\/P1018906-1152x1536.jpg 1152w, https:\/\/bodard.eu\/wp-content\/uploads\/2023\/12\/P1018906-1536x2048.jpg 1536w, https:\/\/bodard.eu\/wp-content\/uploads\/2023\/12\/P1018906-87x116.jpg 87w, https:\/\/bodard.eu\/wp-content\/uploads\/2023\/12\/P1018906-scaled.jpg 1920w\" sizes=\"(max-width: 768px) 100vw, 768px\" \/><figcaption class=\"wp-block-jetpack-slideshow_caption gallery-caption\">Groupes de travail<\/figcaption><\/figure><\/li><li class=\"wp-block-jetpack-slideshow_slide swiper-slide\"><figure><img loading=\"lazy\" decoding=\"async\" width=\"768\" height=\"1024\" alt=\"\" class=\"wp-block-jetpack-slideshow_image wp-image-1196\" data-id=\"1196\" src=\"https:\/\/bodard.eu\/wp-content\/uploads\/2023\/10\/IMG_20231006_204750-768x1024.jpg\" srcset=\"https:\/\/bodard.eu\/wp-content\/uploads\/2023\/10\/IMG_20231006_204750-768x1024.jpg 768w, https:\/\/bodard.eu\/wp-content\/uploads\/2023\/10\/IMG_20231006_204750-225x300.jpg 225w, https:\/\/bodard.eu\/wp-content\/uploads\/2023\/10\/IMG_20231006_204750-1152x1536.jpg 1152w, https:\/\/bodard.eu\/wp-content\/uploads\/2023\/10\/IMG_20231006_204750-1536x2048.jpg 1536w, https:\/\/bodard.eu\/wp-content\/uploads\/2023\/10\/IMG_20231006_204750-87x116.jpg 87w, https:\/\/bodard.eu\/wp-content\/uploads\/2023\/10\/IMG_20231006_204750-scaled.jpg 1920w\" sizes=\"(max-width: 768px) 100vw, 768px\" \/><figcaption class=\"wp-block-jetpack-slideshow_caption gallery-caption\">Banquets<\/figcaption><\/figure><\/li><li class=\"wp-block-jetpack-slideshow_slide swiper-slide\"><figure><img loading=\"lazy\" decoding=\"async\" width=\"876\" height=\"1024\" alt=\"\" class=\"wp-block-jetpack-slideshow_image wp-image-1230\" data-id=\"1230\" src=\"https:\/\/bodard.eu\/wp-content\/uploads\/2023\/12\/P10187951-876x1024.jpg\" srcset=\"https:\/\/bodard.eu\/wp-content\/uploads\/2023\/12\/P10187951-876x1024.jpg 876w, https:\/\/bodard.eu\/wp-content\/uploads\/2023\/12\/P10187951-257x300.jpg 257w, https:\/\/bodard.eu\/wp-content\/uploads\/2023\/12\/P10187951-768x897.jpg 768w, https:\/\/bodard.eu\/wp-content\/uploads\/2023\/12\/P10187951-1315x1536.jpg 1315w, https:\/\/bodard.eu\/wp-content\/uploads\/2023\/12\/P10187951-1753x2048.jpg 1753w, https:\/\/bodard.eu\/wp-content\/uploads\/2023\/12\/P10187951-99x116.jpg 99w\" sizes=\"(max-width: 876px) 100vw, 876px\" \/><figcaption class=\"wp-block-jetpack-slideshow_caption gallery-caption\">Moments de convivialit\u00e9<\/figcaption><\/figure><\/li><li class=\"wp-block-jetpack-slideshow_slide swiper-slide\"><figure><img loading=\"lazy\" decoding=\"async\" width=\"1024\" height=\"858\" alt=\"\" class=\"wp-block-jetpack-slideshow_image wp-image-1232\" data-id=\"1232\" src=\"https:\/\/bodard.eu\/wp-content\/uploads\/2023\/12\/Panorama-sans-titre1_1-1024x858.jpg\" srcset=\"https:\/\/bodard.eu\/wp-content\/uploads\/2023\/12\/Panorama-sans-titre1_1-1024x858.jpg 1024w, https:\/\/bodard.eu\/wp-content\/uploads\/2023\/12\/Panorama-sans-titre1_1-300x251.jpg 300w, https:\/\/bodard.eu\/wp-content\/uploads\/2023\/12\/Panorama-sans-titre1_1-768x643.jpg 768w, https:\/\/bodard.eu\/wp-content\/uploads\/2023\/12\/Panorama-sans-titre1_1-1536x1287.jpg 1536w\" sizes=\"(max-width: 1024px) 100vw, 1024px\" \/><figcaption class=\"wp-block-jetpack-slideshow_caption gallery-caption\">Espace d&#8217;accueil et de d\u00e9tente<\/figcaption><\/figure><\/li><li class=\"wp-block-jetpack-slideshow_slide swiper-slide\"><figure><img loading=\"lazy\" decoding=\"async\" width=\"1024\" height=\"768\" alt=\"\" class=\"wp-block-jetpack-slideshow_image wp-image-1227\" data-id=\"1227\" src=\"https:\/\/bodard.eu\/wp-content\/uploads\/2023\/12\/IMG_20230916_172002-1024x768.jpg\" srcset=\"https:\/\/bodard.eu\/wp-content\/uploads\/2023\/12\/IMG_20230916_172002-1024x768.jpg 1024w, https:\/\/bodard.eu\/wp-content\/uploads\/2023\/12\/IMG_20230916_172002-300x225.jpg 300w, https:\/\/bodard.eu\/wp-content\/uploads\/2023\/12\/IMG_20230916_172002-768x576.jpg 768w, https:\/\/bodard.eu\/wp-content\/uploads\/2023\/12\/IMG_20230916_172002-1536x1152.jpg 1536w, https:\/\/bodard.eu\/wp-content\/uploads\/2023\/12\/IMG_20230916_172002-2048x1536.jpg 2048w, https:\/\/bodard.eu\/wp-content\/uploads\/2023\/12\/IMG_20230916_172002-155x116.jpg 155w\" sizes=\"(max-width: 1024px) 100vw, 1024px\" \/><figcaption class=\"wp-block-jetpack-slideshow_caption gallery-caption\">Espace ext\u00e9rieur &#8211; La cour<\/figcaption><\/figure><\/li><li class=\"wp-block-jetpack-slideshow_slide swiper-slide\"><figure><img loading=\"lazy\" decoding=\"async\" width=\"1000\" height=\"750\" alt=\"\" class=\"wp-block-jetpack-slideshow_image wp-image-1225\" data-id=\"1225\" src=\"https:\/\/bodard.eu\/wp-content\/uploads\/2023\/12\/BOD-vue-depuis-la-Vienne-02-e1574201424302.jpg\" srcset=\"https:\/\/bodard.eu\/wp-content\/uploads\/2023\/12\/BOD-vue-depuis-la-Vienne-02-e1574201424302.jpg 1000w, https:\/\/bodard.eu\/wp-content\/uploads\/2023\/12\/BOD-vue-depuis-la-Vienne-02-e1574201424302-300x225.jpg 300w, https:\/\/bodard.eu\/wp-content\/uploads\/2023\/12\/BOD-vue-depuis-la-Vienne-02-e1574201424302-768x576.jpg 768w, https:\/\/bodard.eu\/wp-content\/uploads\/2023\/12\/BOD-vue-depuis-la-Vienne-02-e1574201424302-155x116.jpg 155w\" sizes=\"(max-width: 1000px) 100vw, 1000px\" \/><figcaption class=\"wp-block-jetpack-slideshow_caption gallery-caption\">Un lieu de prestige au c\u0153ur de Chinon<\/figcaption><\/figure><\/li><\/ul><a class=\"wp-block-jetpack-slideshow_button-prev swiper-button-prev swiper-button-white\" role=\"button\"><\/a><a class=\"wp-block-jetpack-slideshow_button-next swiper-button-next swiper-button-white\" role=\"button\"><\/a><a aria-label=\"Pause Slideshow\" class=\"wp-block-jetpack-slideshow_button-pause\" role=\"button\"><\/a><div class=\"wp-block-jetpack-slideshow_pagination swiper-pagination swiper-pagination-white\"><\/div><\/div><\/div>\n\n\n\n<hr class=\"wp-block-separator has-text-color has-white-color has-alpha-channel-opacity has-white-background-color has-background is-style-wide\"\/>\n\n\n\n<hr class=\"wp-block-separator has-text-color has-white-color has-alpha-channel-opacity has-white-background-color has-background is-style-wide\"\/>\n\n\n\n<div class=\"wp-block-buttons is-content-justification-center is-layout-flex wp-container-core-buttons-is-layout-16018d1d wp-block-buttons-is-layout-flex\">\n<div class=\"wp-block-button has-custom-font-size\" style=\"font-size:22px\"><a class=\"wp-block-button__link has-black-color has-text-color has-background wp-element-button\" href=\"https:\/\/sites.google.com\/view\/location-salle-bodard\/accueil?authuser=4\" style=\"border-radius:0px;background-color:#fff100\" target=\"_blank\" rel=\"noreferrer noopener\"><strong>RENSEIGNEMENTS<\/strong><\/a><\/div>\n<\/div>\n","protected":false},"excerpt":{"rendered":"<p>[LA GRANDE SALLE] [LE PETIT SALON] Lieu id\u00e9al pour r\u00e9unions, conf\u00e9rences, s\u00e9minaires, banquets et cocktails \u00e0 Chinon<\/p>\n","protected":false},"author":1,"featured_media":0,"parent":0,"menu_order":0,"comment_status":"closed","ping_status":"closed","template":"","meta":{"footnotes":""},"class_list":["post-695","page","type-page","status-publish","hentry"],"jetpack_sharing_enabled":true,"_links":{"self":[{"href":"https:\/\/bodard.eu\/index.php\/wp-json\/wp\/v2\/pages\/695","targetHints":{"allow":["GET"]}}],"collection":[{"href":"https:\/\/bodard.eu\/index.php\/wp-json\/wp\/v2\/pages"}],"about":[{"href":"https:\/\/bodard.eu\/index.php\/wp-json\/wp\/v2\/types\/page"}],"author":[{"embeddable":true,"href":"https:\/\/bodard.eu\/index.php\/wp-json\/wp\/v2\/users\/1"}],"replies":[{"embeddable":true,"href":"https:\/\/bodard.eu\/index.php\/wp-json\/wp\/v2\/comments?post=695"}],"version-history":[{"count":40,"href":"https:\/\/bodard.eu\/index.php\/wp-json\/wp\/v2\/pages\/695\/revisions"}],"predecessor-version":[{"id":1240,"href":"https:\/\/bodard.eu\/index.php\/wp-json\/wp\/v2\/pages\/695\/revisions\/1240"}],"wp:attachment":[{"href":"https:\/\/bodard.eu\/index.php\/wp-json\/wp\/v2\/media?parent=695"}],"curies":[{"name":"wp","href":"https:\/\/api.w.org\/{rel}","templated":true}]}}