{"id":178,"date":"2019-11-19T20:57:06","date_gmt":"2019-11-19T19:57:06","guid":{"rendered":"http:\/\/bodard.eu\/?page_id=178"},"modified":"2022-02-19T21:48:30","modified_gmt":"2022-02-19T20:48:30","slug":"contact","status":"publish","type":"page","link":"https:\/\/bodard.eu\/index.php\/contact\/","title":{"rendered":"Contact"},"content":{"rendered":"\n<p class=\"has-text-color has-very-dark-gray-color\"><strong>Association H\u00f4tel Bodard de la Jacopi\u00e8re<\/strong><\/p>\n\n\n\n<p>H\u00f4tel Bodard de la Jacopi\u00e8re<\/p>\n\n\n\n<p class=\"has-text-color has-very-dark-gray-color\">81, rue Haute Saint Maurice<\/p>\n\n\n\n<p class=\"has-text-color has-very-dark-gray-color\">37500 CHINON<\/p>\n\n\n\n<p class=\"has-text-color has-very-dark-gray-color\">hotelbodarddelajacopiere(at)gmail.com<\/p>\n\n\n\n<p><\/p>\n\n\n\n<p><\/p>\n\n\n\n<p class=\"has-text-color has-very-dark-gray-color\"><strong>Bureau :<\/strong><\/p>\n\n\n\n<p class=\"has-text-color has-very-dark-gray-color\">Carsten Hanssen, Pr\u00e9sident<\/p>\n\n\n\n<p class=\"has-text-color has-very-dark-gray-color\">Jean-Louis Sureau, Vice-pr\u00e9sident<\/p>\n\n\n\n<p class=\"has-text-color has-very-dark-gray-color\">Gilles de Laage, Tr\u00e9sorier<\/p>\n\n\n\n<p class=\"has-text-color has-very-dark-gray-color\">Aur\u00e9lie Dauleac, Secr\u00e9taire<\/p>\n","protected":false},"excerpt":{"rendered":"<p>Association H\u00f4tel Bodard de la Jacopi\u00e8re H\u00f4tel Bodard de la Jacopi\u00e8re 81, rue Haute Saint Maurice 37500 CHINON hotelbodarddelajacopiere(at)gmail.com Bureau &hellip; <a href=\"https:\/\/bodard.eu\/index.php\/contact\/\" class=\"more-link\">Continue reading <span class=\"screen-reader-text\">Contact<\/span><\/a><\/p>\n","protected":false},"author":1,"featured_media":0,"parent":0,"menu_order":0,"comment_status":"closed","ping_status":"closed","template":"","meta":{"footnotes":""},"class_list":["post-178","page","type-page","status-publish","hentry"],"jetpack_sharing_enabled":true,"_links":{"self":[{"href":"https:\/\/bodard.eu\/index.php\/wp-json\/wp\/v2\/pages\/178","targetHints":{"allow":["GET"]}}],"collection":[{"href":"https:\/\/bodard.eu\/index.php\/wp-json\/wp\/v2\/pages"}],"about":[{"href":"https:\/\/bodard.eu\/index.php\/wp-json\/wp\/v2\/types\/page"}],"author":[{"embeddable":true,"href":"https:\/\/bodard.eu\/index.php\/wp-json\/wp\/v2\/users\/1"}],"replies":[{"embeddable":true,"href":"https:\/\/bodard.eu\/index.php\/wp-json\/wp\/v2\/comments?post=178"}],"version-history":[{"count":4,"href":"https:\/\/bodard.eu\/index.php\/wp-json\/wp\/v2\/pages\/178\/revisions"}],"predecessor-version":[{"id":575,"href":"https:\/\/bodard.eu\/index.php\/wp-json\/wp\/v2\/pages\/178\/revisions\/575"}],"wp:attachment":[{"href":"https:\/\/bodard.eu\/index.php\/wp-json\/wp\/v2\/media?parent=178"}],"curies":[{"name":"wp","href":"https:\/\/api.w.org\/{rel}","templated":true}]}}