{"id":176,"date":"2019-11-19T20:57:06","date_gmt":"2019-11-19T19:57:06","guid":{"rendered":"http:\/\/bodard.eu\/?page_id=176"},"modified":"2026-01-26T23:27:29","modified_gmt":"2026-01-26T22:27:29","slug":"billetterie-adhesion","status":"publish","type":"page","link":"https:\/\/bodard.eu\/index.php\/billetterie-adhesion\/","title":{"rendered":"Adh\u00e9sion \/ Dons \/ Billetterie"},"content":{"rendered":"\n<p class=\"has-cyan-bluish-gray-color has-text-color\" style=\"font-size:15px\"><em>L&#8217;Association H\u00f4tel Bodard de la Jacopi\u00e8re fait appel \u00e0 HelloAsso pour g\u00e9rer les transactions<\/em> <em>des adh\u00e9sions, des dons et de la billetterie.<\/em><\/p>\n\n\n\n<hr class=\"wp-block-separator has-text-color has-cyan-bluish-gray-color has-alpha-channel-opacity has-cyan-bluish-gray-background-color has-background is-style-wide\"\/>\n\n\n\n<div class=\"wp-block-group alignwide\"><div class=\"wp-block-group__inner-container is-layout-constrained wp-block-group-is-layout-constrained\">\n<h2 class=\"wp-block-heading\">[ADH\u00c9SION]<\/h2>\n\n\n\n<h3 class=\"wp-block-heading\">Vous souhaitez rejoindre l&#8217;association ?<\/h3>\n\n\n\n<div class=\"wp-block-columns is-layout-flex wp-container-core-columns-is-layout-9d6595d7 wp-block-columns-is-layout-flex\">\n<div class=\"wp-block-column is-layout-flow wp-block-column-is-layout-flow\" style=\"flex-basis:33.33%\"><div class=\"wp-block-image\">\n<figure class=\"alignleft size-form-edit-image-preview is-resized\"><img loading=\"lazy\" decoding=\"async\" width=\"116\" height=\"116\" data-attachment-id=\"850\" data-permalink=\"https:\/\/bodard.eu\/index.php\/billetterie-adhesion\/illustrationadhesion-1\/\" data-orig-file=\"https:\/\/bodard.eu\/wp-content\/uploads\/2023\/03\/IllustrationAdhesion-1.png\" data-orig-size=\"131,131\" data-comments-opened=\"1\" data-image-meta=\"{&quot;aperture&quot;:&quot;0&quot;,&quot;credit&quot;:&quot;&quot;,&quot;camera&quot;:&quot;&quot;,&quot;caption&quot;:&quot;&quot;,&quot;created_timestamp&quot;:&quot;0&quot;,&quot;copyright&quot;:&quot;&quot;,&quot;focal_length&quot;:&quot;0&quot;,&quot;iso&quot;:&quot;0&quot;,&quot;shutter_speed&quot;:&quot;0&quot;,&quot;title&quot;:&quot;&quot;,&quot;orientation&quot;:&quot;0&quot;}\" data-image-title=\"IllustrationAdhesion-1\" data-image-description=\"\" data-image-caption=\"\" data-large-file=\"https:\/\/bodard.eu\/wp-content\/uploads\/2023\/03\/IllustrationAdhesion-1.png\" src=\"https:\/\/bodard.eu\/wp-content\/uploads\/2023\/03\/IllustrationAdhesion-1-116x116.png\" alt=\"\" class=\"wp-image-850\" style=\"width:175px;height:175px\" srcset=\"https:\/\/bodard.eu\/wp-content\/uploads\/2023\/03\/IllustrationAdhesion-1-116x116.png 116w, https:\/\/bodard.eu\/wp-content\/uploads\/2023\/03\/IllustrationAdhesion-1-50x50.png 50w, https:\/\/bodard.eu\/wp-content\/uploads\/2023\/03\/IllustrationAdhesion-1.png 131w\" sizes=\"auto, (max-width: 116px) 100vw, 116px\" \/><\/figure>\n<\/div><\/div>\n\n\n\n<div class=\"wp-block-column is-layout-flow wp-block-column-is-layout-flow\" style=\"flex-basis:80%\">\n<blockquote class=\"wp-block-quote is-layout-flow wp-block-quote-is-layout-flow\">\n<p>En adh\u00e9rant \u00e0 l&#8217;association vous participez \u00e0 une aventure commune visant \u00e0 faire vivre ce lieu d&#8217;exception. Votre adh\u00e9sion vous permet de b\u00e9n\u00e9ficier de tarifs r\u00e9duits aux \u00e9v\u00e8nements et d&#8217;\u00eatre tenu inform\u00e9 r\u00e9guli\u00e8rement de leur programmation. <\/p>\n\n\n\n<p>Alors, n&#8217;h\u00e9sitez pas, nous serons ravis de vous accueillir ! <\/p>\n<\/blockquote>\n<\/div>\n<\/div>\n\n\n\n<div class=\"wp-block-columns alignwide is-layout-flex wp-container-core-columns-is-layout-9d6595d7 wp-block-columns-is-layout-flex\">\n<div class=\"wp-block-column has-text-color has-background has-link-color wp-elements-9c41d906834adf353cc74d46aebdf574 is-layout-flow wp-block-column-is-layout-flow\" style=\"color:#000000;background-color:#fff2002b;padding-top:2em;padding-right:2em;padding-bottom:2em;padding-left:2em\">\n<p class=\"has-text-align-center has-medium-font-size\"><strong>Membre<\/strong><\/p>\n\n\n\n<h2 class=\"wp-block-heading has-text-align-center\" id=\"single\" style=\"font-size:40px\"><strong>Jeune &#8211; 26 ans<\/strong><\/h2>\n\n\n\n<hr class=\"wp-block-separator has-text-color has-css-opacity has-background is-style-wide\" style=\"background-color:#000000;color:#000000\"\/>\n\n\n\n<p class=\"has-text-align-center\" style=\"font-size:14px\"><em>Adh\u00e9sion\/Cotisation valable pour une ann\u00e9e civile pour 1 personne \u00e2g\u00e9e de moins de 26 an<\/em>s<\/p>\n\n\n\n<ul class=\"wp-block-list\">\n<li>Tarif r\u00e9duit pour les conf\u00e9rences<\/li>\n\n\n\n<li>Tarif r\u00e9duit pour les cours<\/li>\n\n\n\n<li>Tarif r\u00e9duit pour les formations<\/li>\n\n\n\n<li>R\u00e9ception des newsletters<\/li>\n<\/ul>\n\n\n\n<div class=\"wp-block-buttons alignfull is-horizontal is-content-justification-center is-layout-flex wp-container-core-buttons-is-layout-499968f5 wp-block-buttons-is-layout-flex\">\n<div class=\"wp-block-button has-custom-width wp-block-button__width-100\"><a class=\"wp-block-button__link has-black-color has-text-color has-background wp-element-button\" href=\"https:\/\/www.helloasso.com\/associations\/association-hotel-bodard-de-la-jacopiere\/adhesions\/adhesion-cotisation-2026\" style=\"border-radius:0px;background-color:#fff100\" target=\"_blank\" rel=\"noreferrer noopener\"><strong>10\u20ac \/ an*<\/strong><\/a><\/div>\n<\/div>\n\n\n\n<hr class=\"wp-block-separator has-text-color has-alpha-channel-opacity has-background is-style-wide\" style=\"background-color:#fff2002b;color:#fff2002b\"\/>\n\n\n\n<p class=\"has-text-align-center\" style=\"font-size:10px\"><em>* prix hors commission du site HelloAsso<\/em><\/p>\n<\/div>\n\n\n\n<div class=\"wp-block-column has-text-color has-background has-link-color wp-elements-a465dcf95948c6eb40a24b73ebdae6b0 is-layout-flow wp-block-column-is-layout-flow\" style=\"color:#000000;background-color:#fff2002b;padding-top:2em;padding-right:2em;padding-bottom:2em;padding-left:2em\">\n<p class=\"has-text-align-center has-medium-font-size\"><strong>Membre<\/strong><\/p>\n\n\n\n<h2 class=\"wp-block-heading has-text-align-center\" id=\"family\" style=\"font-size:40px\"><strong>Actif<\/strong><\/h2>\n\n\n\n<hr class=\"wp-block-separator has-text-color has-black-color has-alpha-channel-opacity has-black-background-color has-background is-style-wide\"\/>\n\n\n\n<p class=\"has-text-align-center\" style=\"font-size:14px\"><em>Adh\u00e9sion\/Cotisation valable pour une ann\u00e9e civile pour 1 personne<\/em><\/p>\n\n\n\n<ul class=\"wp-block-list\">\n<li>Tarif r\u00e9duit pour les conf\u00e9rences<\/li>\n\n\n\n<li>Tarif r\u00e9duit pour les formations<\/li>\n\n\n\n<li>Tarif r\u00e9duit pour les locations<\/li>\n\n\n\n<li>R\u00e9ception des newsletters<\/li>\n<\/ul>\n\n\n\n<div class=\"wp-block-buttons alignfull is-horizontal is-content-justification-center is-layout-flex wp-container-core-buttons-is-layout-499968f5 wp-block-buttons-is-layout-flex\">\n<div class=\"wp-block-button has-custom-width wp-block-button__width-100 is-style-fill\"><a class=\"wp-block-button__link has-black-color has-text-color has-background wp-element-button\" href=\"https:\/\/www.helloasso.com\/associations\/association-hotel-bodard-de-la-jacopiere\/adhesions\/adhesion-cotisation-2026\" style=\"border-radius:0px;background-color:#fff100\" target=\"_blank\" rel=\"noreferrer noopener\"><strong>20\u20ac \/ an*<\/strong><\/a><\/div>\n<\/div>\n\n\n\n<hr class=\"wp-block-separator has-text-color has-alpha-channel-opacity has-background is-style-wide\" style=\"background-color:#fff2002b;color:#fff2002b\"\/>\n\n\n\n<p class=\"has-text-align-center\" style=\"font-size:10px\"><em>* prix hors commission du site HelloAsso<\/em><\/p>\n<\/div>\n<\/div>\n\n\n\n<div class=\"wp-block-columns alignwide is-layout-flex wp-container-core-columns-is-layout-9d6595d7 wp-block-columns-is-layout-flex\">\n<div class=\"wp-block-column has-text-color has-background has-link-color wp-elements-85d2e4e1ab73f18cc45db81824945e89 is-layout-flow wp-block-column-is-layout-flow\" style=\"color:#000000;background-color:#fff2002b;padding-top:2em;padding-right:2em;padding-bottom:2em;padding-left:2em\">\n<p class=\"has-text-align-center has-medium-font-size\"><strong>Membre<\/strong><\/p>\n\n\n\n<h2 class=\"wp-block-heading has-text-align-center\" id=\"single\" style=\"font-size:40px\"><strong>Couple\/Duo<\/strong><\/h2>\n\n\n\n<hr class=\"wp-block-separator has-text-color has-css-opacity has-background is-style-wide\" style=\"background-color:#000000;color:#000000\"\/>\n\n\n\n<p class=\"has-text-align-center\" style=\"font-size:14px\"><em>Adh\u00e9sion\/Cotisation valable pour une ann\u00e9e civile pour 2 personne<\/em>s<\/p>\n\n\n\n<ul class=\"wp-block-list\">\n<li>Tarif r\u00e9duit pour les conf\u00e9rences<\/li>\n\n\n\n<li>Tarif r\u00e9duit pour les formations<\/li>\n\n\n\n<li>Tarif r\u00e9duit pour les locations<\/li>\n\n\n\n<li>R\u00e9ception des newsletters<\/li>\n<\/ul>\n\n\n\n<div class=\"wp-block-buttons alignfull is-horizontal is-content-justification-center is-layout-flex wp-container-core-buttons-is-layout-499968f5 wp-block-buttons-is-layout-flex\">\n<div class=\"wp-block-button has-custom-width wp-block-button__width-100\"><a class=\"wp-block-button__link has-black-color has-text-color has-background wp-element-button\" href=\"https:\/\/www.helloasso.com\/associations\/association-hotel-bodard-de-la-jacopiere\/adhesions\/adhesion-cotisation-2026\" style=\"border-radius:0px;background-color:#fff100\" target=\"_blank\" rel=\"noreferrer noopener\"><strong>30\u20ac\/ an*<\/strong><\/a><\/div>\n<\/div>\n\n\n\n<hr class=\"wp-block-separator has-text-color has-alpha-channel-opacity has-background is-style-wide\" style=\"background-color:#fff2002b;color:#fff2002b\"\/>\n\n\n\n<p class=\"has-text-align-center\" style=\"font-size:10px\"><em>* prix hors commission du site HelloAsso<\/em><\/p>\n<\/div>\n\n\n\n<div class=\"wp-block-column has-text-color has-background has-link-color wp-elements-187517d936f1f11845bae9b0e13e8b74 is-layout-flow wp-block-column-is-layout-flow\" style=\"color:#000000;background-color:#fff2002b;padding-top:2em;padding-right:2em;padding-bottom:2em;padding-left:2em\">\n<p class=\"has-text-align-center has-medium-font-size\"><strong>Membre<\/strong><\/p>\n\n\n\n<h2 class=\"wp-block-heading has-text-align-center\" id=\"family\" style=\"font-size:40px\"><strong>Famille<\/strong><\/h2>\n\n\n\n<hr class=\"wp-block-separator has-text-color has-black-color has-alpha-channel-opacity has-black-background-color has-background is-style-wide\"\/>\n\n\n\n<p class=\"has-text-align-center\" style=\"font-size:14px\"><em>Adh\u00e9sion\/Cotisation valable pour une ann\u00e9e civile pour 3 personne<\/em>s et plus<\/p>\n\n\n\n<ul class=\"wp-block-list\">\n<li>Tarif r\u00e9duit pour les conf\u00e9rences <\/li>\n\n\n\n<li>Tarif r\u00e9duit pour les formations<\/li>\n\n\n\n<li>Tarif r\u00e9duit pour les locations<\/li>\n\n\n\n<li>R\u00e9ception des newsletters<\/li>\n<\/ul>\n\n\n\n<div class=\"wp-block-buttons alignfull is-horizontal is-content-justification-center is-layout-flex wp-container-core-buttons-is-layout-499968f5 wp-block-buttons-is-layout-flex\">\n<div class=\"wp-block-button has-custom-width wp-block-button__width-100 is-style-fill\"><a class=\"wp-block-button__link has-black-color has-text-color has-background wp-element-button\" href=\"https:\/\/www.helloasso.com\/associations\/association-hotel-bodard-de-la-jacopiere\/adhesions\/adhesion-cotisation-2026\" style=\"border-radius:0px;background-color:#fff100\" target=\"_blank\" rel=\"noreferrer noopener\"><strong>5<\/strong>0<strong>\u20ac \/ an*<\/strong><\/a><\/div>\n<\/div>\n\n\n\n<hr class=\"wp-block-separator has-text-color has-alpha-channel-opacity has-background is-style-wide\" style=\"background-color:#fff2002b;color:#fff2002b\"\/>\n\n\n\n<p class=\"has-text-align-center has-black-color has-text-color\" style=\"font-size:10px\"><em>* prix hors commission du site HelloAsso<\/em><\/p>\n<\/div>\n<\/div>\n\n\n\n<div class=\"wp-block-columns alignwide is-layout-flex wp-container-core-columns-is-layout-9d6595d7 wp-block-columns-is-layout-flex\">\n<div class=\"wp-block-column has-text-color has-background has-link-color wp-elements-74d37f8c8c5d3342fe574932af7fe091 is-layout-flow wp-block-column-is-layout-flow\" style=\"color:#000000;background-color:#fff2002b;padding-top:2em;padding-right:2em;padding-bottom:2em;padding-left:2em\">\n<p class=\"has-text-align-center has-medium-font-size\"><strong>Membre<\/strong><\/p>\n\n\n\n<h2 class=\"wp-block-heading has-text-align-center\" id=\"single\" style=\"font-size:40px\"><strong>Bienfaiteur solo<\/strong><\/h2>\n\n\n\n<hr class=\"wp-block-separator has-text-color has-css-opacity has-background is-style-wide\" style=\"background-color:#000000;color:#000000\"\/>\n\n\n\n<p class=\"has-text-align-center\" style=\"font-size:14px\"><em>Adh\u00e9sion\/Cotisation valable pour une ann\u00e9e civile pour 1 personne<\/em><\/p>\n\n\n\n<ul class=\"wp-block-list\">\n<li>Acc\u00e8s gratuit aux conf\u00e9rences<\/li>\n\n\n\n<li>Tarif r\u00e9duit pour les formations<\/li>\n\n\n\n<li>Tarif r\u00e9duit pour les locations<\/li>\n\n\n\n<li>R\u00e9ception des newsletters<\/li>\n<\/ul>\n\n\n\n<div class=\"wp-block-buttons alignfull is-horizontal is-content-justification-center is-layout-flex wp-container-core-buttons-is-layout-499968f5 wp-block-buttons-is-layout-flex\">\n<div class=\"wp-block-button has-custom-width wp-block-button__width-100\"><a class=\"wp-block-button__link has-black-color has-text-color has-background wp-element-button\" href=\"https:\/\/www.helloasso.com\/associations\/association-hotel-bodard-de-la-jacopiere\/adhesions\/adhesion-cotisation-2026\" style=\"border-radius:0px;background-color:#fff100\" target=\"_blank\" rel=\"noreferrer noopener\"><strong>1<\/strong>00<strong>\u20ac\/ an*<\/strong><\/a><\/div>\n<\/div>\n\n\n\n<hr class=\"wp-block-separator has-text-color has-alpha-channel-opacity has-background is-style-wide\" style=\"background-color:#fff2002b;color:#fff2002b\"\/>\n\n\n\n<p class=\"has-text-align-center\" style=\"font-size:10px\"><em>* prix hors commission du site HelloAsso<\/em><\/p>\n<\/div>\n\n\n\n<div class=\"wp-block-column has-text-color has-background has-link-color wp-elements-08c955a090477811b8e2f7b73cf1c2b8 is-layout-flow wp-block-column-is-layout-flow\" style=\"color:#000000;background-color:#fff2002b;padding-top:2em;padding-right:2em;padding-bottom:2em;padding-left:2em\">\n<p class=\"has-text-align-center has-medium-font-size\"><strong>Membre<\/strong><\/p>\n\n\n\n<h2 class=\"wp-block-heading has-text-align-center\" id=\"family\" style=\"font-size:40px\"><strong>Bienfaiteur duo<\/strong><\/h2>\n\n\n\n<hr class=\"wp-block-separator has-text-color has-black-color has-alpha-channel-opacity has-black-background-color has-background is-style-wide\"\/>\n\n\n\n<p class=\"has-text-align-center\" style=\"font-size:14px\"><em>Adh\u00e9sion\/Cotisation valable pour une ann\u00e9e civile pour 2 personne<\/em>s<\/p>\n\n\n\n<ul class=\"wp-block-list\">\n<li>Acc\u00e8s gratuit aux conf\u00e9rences<\/li>\n\n\n\n<li>Tarif r\u00e9duit pour les formations<\/li>\n\n\n\n<li>Tarif r\u00e9duit pour les locations<\/li>\n\n\n\n<li>R\u00e9ception des newsletters<\/li>\n<\/ul>\n\n\n\n<div class=\"wp-block-buttons alignfull is-horizontal is-content-justification-center is-layout-flex wp-container-core-buttons-is-layout-499968f5 wp-block-buttons-is-layout-flex\">\n<div class=\"wp-block-button has-custom-width wp-block-button__width-100 is-style-fill\"><a class=\"wp-block-button__link has-black-color has-text-color has-background wp-element-button\" href=\"https:\/\/www.helloasso.com\/associations\/association-hotel-bodard-de-la-jacopiere\/adhesions\/adhesion-cotisation-2026\" style=\"border-radius:0px;background-color:#fff100\" target=\"_blank\" rel=\"noreferrer noopener\">180<strong>\u20ac \/ an*<\/strong><\/a><\/div>\n<\/div>\n\n\n\n<hr class=\"wp-block-separator has-text-color has-alpha-channel-opacity has-background is-style-wide\" style=\"background-color:#fff2002b;color:#fff2002b\"\/>\n\n\n\n<p class=\"has-text-align-center has-black-color has-text-color\" style=\"font-size:10px\"><em>* prix hors commission du site HelloAsso<\/em><\/p>\n<\/div>\n<\/div>\n<\/div><\/div>\n\n\n\n<hr class=\"wp-block-separator has-text-color has-cyan-bluish-gray-color has-alpha-channel-opacity has-cyan-bluish-gray-background-color has-background is-style-wide\"\/>\n\n\n\n<div class=\"wp-block-group\"><div class=\"wp-block-group__inner-container is-layout-constrained wp-block-group-is-layout-constrained\">\n<h2 class=\"wp-block-heading\">[DONS]<\/h2>\n\n\n\n<h3 class=\"wp-block-heading\">Vous souhaitez soutenir l&#8217;association ?<\/h3>\n\n\n\n<div class=\"wp-block-columns is-layout-flex wp-container-core-columns-is-layout-9d6595d7 wp-block-columns-is-layout-flex\">\n<div class=\"wp-block-column is-layout-flow wp-block-column-is-layout-flow\" style=\"flex-basis:50%\">\n<figure class=\"wp-block-image size-full\"><img loading=\"lazy\" decoding=\"async\" width=\"330\" height=\"210\" data-attachment-id=\"784\" data-permalink=\"https:\/\/bodard.eu\/index.php\/billetterie-adhesion\/illustrationdons\/\" data-orig-file=\"https:\/\/bodard.eu\/wp-content\/uploads\/2023\/03\/IllustrationDons.png\" data-orig-size=\"330,210\" data-comments-opened=\"1\" data-image-meta=\"{&quot;aperture&quot;:&quot;0&quot;,&quot;credit&quot;:&quot;&quot;,&quot;camera&quot;:&quot;&quot;,&quot;caption&quot;:&quot;&quot;,&quot;created_timestamp&quot;:&quot;0&quot;,&quot;copyright&quot;:&quot;&quot;,&quot;focal_length&quot;:&quot;0&quot;,&quot;iso&quot;:&quot;0&quot;,&quot;shutter_speed&quot;:&quot;0&quot;,&quot;title&quot;:&quot;&quot;,&quot;orientation&quot;:&quot;0&quot;}\" data-image-title=\"IllustrationDons\" data-image-description=\"\" data-image-caption=\"\" data-large-file=\"https:\/\/bodard.eu\/wp-content\/uploads\/2023\/03\/IllustrationDons.png\" src=\"https:\/\/bodard.eu\/wp-content\/uploads\/2023\/03\/IllustrationDons.png\" alt=\"\" class=\"wp-image-784\" srcset=\"https:\/\/bodard.eu\/wp-content\/uploads\/2023\/03\/IllustrationDons.png 330w, https:\/\/bodard.eu\/wp-content\/uploads\/2023\/03\/IllustrationDons-300x191.png 300w, https:\/\/bodard.eu\/wp-content\/uploads\/2023\/03\/IllustrationDons-182x116.png 182w\" sizes=\"auto, (max-width: 330px) 100vw, 330px\" \/><\/figure>\n<\/div>\n\n\n\n<div class=\"wp-block-column is-layout-flow wp-block-column-is-layout-flow\" style=\"flex-basis:66%\">\n<blockquote class=\"wp-block-quote is-layout-flow wp-block-quote-is-layout-flow\">\n<p>Si le projet port\u00e9 par l&#8217;association vous passionne autant qu&#8217;il compte pour nous, vous pouvez nous aider \u00e0 d\u00e9velopper et promouvoir nos actions en faisant un don via le bouton ci-dessous .<\/p>\n<\/blockquote>\n\n\n\n<div class=\"wp-block-buttons is-layout-flex wp-block-buttons-is-layout-flex\">\n<div class=\"wp-block-button aligncenter\"><a class=\"wp-block-button__link has-black-color has-text-color has-background wp-element-button\" href=\"https:\/\/www.helloasso.com\/associations\/association-hotel-bodard-de-la-jacopiere\/formulaires\/1\" style=\"border-radius:0px;background-color:#fff100\" target=\"_blank\" rel=\"noreferrer noopener\"><strong>Faire un don<\/strong><\/a><\/div>\n<\/div>\n<\/div>\n<\/div>\n<\/div><\/div>\n\n\n\n<hr class=\"wp-block-separator has-text-color has-cyan-bluish-gray-color has-alpha-channel-opacity has-cyan-bluish-gray-background-color has-background is-style-wide\"\/>\n\n\n\n<div class=\"wp-block-group\"><div class=\"wp-block-group__inner-container is-layout-constrained wp-block-group-is-layout-constrained\">\n<h2 class=\"wp-block-heading\">[BILLETTERIE]<\/h2>\n\n\n\n<h3 class=\"wp-block-heading\">Vous souhaitez participer \u00e0 un \u00e9v\u00e8nement ?<\/h3>\n\n\n\n<div class=\"wp-block-columns is-layout-flex wp-container-core-columns-is-layout-9d6595d7 wp-block-columns-is-layout-flex\">\n<div class=\"wp-block-column is-layout-flow wp-block-column-is-layout-flow\" style=\"flex-basis:33.33%\">\n<figure class=\"wp-block-image size-full\"><img loading=\"lazy\" decoding=\"async\" width=\"330\" height=\"243\" data-attachment-id=\"862\" data-permalink=\"https:\/\/bodard.eu\/index.php\/billetterie-adhesion\/illustrationbilletterie\/\" data-orig-file=\"https:\/\/bodard.eu\/wp-content\/uploads\/2023\/03\/IllustrationBilletterie.png\" data-orig-size=\"330,243\" data-comments-opened=\"1\" data-image-meta=\"{&quot;aperture&quot;:&quot;0&quot;,&quot;credit&quot;:&quot;&quot;,&quot;camera&quot;:&quot;&quot;,&quot;caption&quot;:&quot;&quot;,&quot;created_timestamp&quot;:&quot;0&quot;,&quot;copyright&quot;:&quot;&quot;,&quot;focal_length&quot;:&quot;0&quot;,&quot;iso&quot;:&quot;0&quot;,&quot;shutter_speed&quot;:&quot;0&quot;,&quot;title&quot;:&quot;&quot;,&quot;orientation&quot;:&quot;0&quot;}\" data-image-title=\"IllustrationBilletterie\" data-image-description=\"\" data-image-caption=\"\" data-large-file=\"https:\/\/bodard.eu\/wp-content\/uploads\/2023\/03\/IllustrationBilletterie.png\" src=\"https:\/\/bodard.eu\/wp-content\/uploads\/2023\/03\/IllustrationBilletterie.png\" alt=\"\" class=\"wp-image-862\" srcset=\"https:\/\/bodard.eu\/wp-content\/uploads\/2023\/03\/IllustrationBilletterie.png 330w, https:\/\/bodard.eu\/wp-content\/uploads\/2023\/03\/IllustrationBilletterie-300x221.png 300w, https:\/\/bodard.eu\/wp-content\/uploads\/2023\/03\/IllustrationBilletterie-158x116.png 158w\" sizes=\"auto, (max-width: 330px) 100vw, 330px\" \/><\/figure>\n<\/div>\n\n\n\n<div class=\"wp-block-column is-layout-flow wp-block-column-is-layout-flow\" style=\"flex-basis:66.66%\">\n<blockquote class=\"wp-block-quote is-layout-flow wp-block-quote-is-layout-flow\">\n<p>L&#8217;association propose mensuellement un \u00e9v\u00e8nement th\u00e9matique sur l&#8217;architecture, le patrimoine et leurs savoir-faire. Elle organise \u00e9galement des formations ouvertes \u00e0 tous pour appr\u00e9hender la restauration du b\u00e2ti ancien au travers de chantiers participatifs.<\/p>\n<\/blockquote>\n<\/div>\n<\/div>\n\n\n\n<p class=\"has-text-align-center has-vivid-red-color has-text-color\" style=\"font-size:19px\"><\/p>\n\n\n\n<div class=\"wp-block-group\"><div class=\"wp-block-group__inner-container is-layout-constrained wp-block-group-is-layout-constrained\">\n<h4 class=\"wp-block-heading\">Conf\u00e9rences \/ Cours \/ Concerts<\/h4>\n\n\n\n<div class=\"wp-block-columns is-layout-flex wp-container-core-columns-is-layout-9d6595d7 wp-block-columns-is-layout-flex\">\n<div class=\"wp-block-column is-vertically-aligned-center has-white-background-color has-background is-layout-flow wp-block-column-is-layout-flow\"><\/div>\n\n\n\n<div class=\"wp-block-column is-vertically-aligned-center has-background is-layout-flow wp-block-column-is-layout-flow\" style=\"background-color:#fff2002b\">\n<p class=\"has-text-align-center has-black-color has-text-color\" style=\"font-size:18px\"><strong><strong>Bient\u00f4t de retour<\/strong><\/strong><\/p>\n<\/div>\n\n\n\n<div class=\"wp-block-column is-vertically-aligned-center has-white-background-color has-background is-layout-flow wp-block-column-is-layout-flow\"><\/div>\n<\/div>\n\n\n\n<p class=\"has-text-align-center has-black-color has-text-color has-small-font-size\"><em>* prix hors commission du site HelloAsso<\/em> | **<em>Cliquez sur &#8220;r\u00e9server votre place&#8221; pour r\u00e9gler votre participation sur HelloAsso<\/em><\/p>\n<\/div><\/div>\n\n\n\n<hr class=\"wp-block-separator has-text-color has-white-color has-alpha-channel-opacity has-white-background-color has-background is-style-wide\"\/>\n\n\n\n<div class=\"wp-block-group\"><div class=\"wp-block-group__inner-container is-layout-constrained wp-block-group-is-layout-constrained\">\n<h4 class=\"wp-block-heading\">Formations<\/h4>\n\n\n\n<div class=\"wp-block-columns is-layout-flex wp-container-core-columns-is-layout-9d6595d7 wp-block-columns-is-layout-flex\">\n<div class=\"wp-block-column is-vertically-aligned-center has-white-background-color has-background is-layout-flow wp-block-column-is-layout-flow\"><\/div>\n\n\n\n<div class=\"wp-block-column is-vertically-aligned-center has-white-background-color has-background is-layout-flow wp-block-column-is-layout-flow\">\n<p class=\"has-text-align-center has-background\" style=\"background-color:#fff2002b\"><strong>Bient\u00f4t de retour<\/strong><\/p>\n<\/div>\n\n\n\n<div class=\"wp-block-column is-vertically-aligned-center has-white-background-color has-background is-layout-flow wp-block-column-is-layout-flow\"><\/div>\n<\/div>\n<\/div><\/div>\n\n\n\n<div class=\"wp-block-buttons is-layout-flex wp-block-buttons-is-layout-flex\">\n<div class=\"wp-block-button aligncenter\"><a class=\"wp-block-button__link has-black-color has-text-color has-background wp-element-button\" href=\"https:\/\/bodard.eu\/index.php\/contact\/\" style=\"border-radius:0px;background-color:#fff100\"><strong>DEMANDE DE RENSEIGNEMENTS<\/strong><\/a><\/div>\n<\/div>\n<\/div><\/div>\n","protected":false},"excerpt":{"rendered":"<p>L&#8217;Association H\u00f4tel Bodard de la Jacopi\u00e8re fait appel \u00e0 HelloAsso pour g\u00e9rer les transactions des adh\u00e9sions, des dons et de &hellip; <a href=\"https:\/\/bodard.eu\/index.php\/billetterie-adhesion\/\" class=\"more-link\">Continue reading <span class=\"screen-reader-text\">Adh\u00e9sion \/ Dons \/ Billetterie<\/span><\/a><\/p>\n","protected":false},"author":1,"featured_media":0,"parent":0,"menu_order":0,"comment_status":"closed","ping_status":"closed","template":"","meta":{"footnotes":""},"class_list":["post-176","page","type-page","status-publish","hentry"],"jetpack_sharing_enabled":true,"_links":{"self":[{"href":"https:\/\/bodard.eu\/index.php\/wp-json\/wp\/v2\/pages\/176","targetHints":{"allow":["GET"]}}],"collection":[{"href":"https:\/\/bodard.eu\/index.php\/wp-json\/wp\/v2\/pages"}],"about":[{"href":"https:\/\/bodard.eu\/index.php\/wp-json\/wp\/v2\/types\/page"}],"author":[{"embeddable":true,"href":"https:\/\/bodard.eu\/index.php\/wp-json\/wp\/v2\/users\/1"}],"replies":[{"embeddable":true,"href":"https:\/\/bodard.eu\/index.php\/wp-json\/wp\/v2\/comments?post=176"}],"version-history":[{"count":134,"href":"https:\/\/bodard.eu\/index.php\/wp-json\/wp\/v2\/pages\/176\/revisions"}],"predecessor-version":[{"id":1439,"href":"https:\/\/bodard.eu\/index.php\/wp-json\/wp\/v2\/pages\/176\/revisions\/1439"}],"wp:attachment":[{"href":"https:\/\/bodard.eu\/index.php\/wp-json\/wp\/v2\/media?parent=176"}],"curies":[{"name":"wp","href":"https:\/\/api.w.org\/{rel}","templated":true}]}}