{"id":173,"date":"2019-11-19T20:57:05","date_gmt":"2019-11-19T19:57:05","guid":{"rendered":"http:\/\/bodard.eu\/?page_id=173"},"modified":"2022-02-19T21:46:33","modified_gmt":"2022-02-19T20:46:33","slug":"partenaires","status":"publish","type":"page","link":"https:\/\/bodard.eu\/index.php\/partenaires\/","title":{"rendered":"Partenaires"},"content":{"rendered":"\n<p class=\"has-text-color has-very-dark-gray-color\">L&#8217;Association H\u00f4tel Bodard de la Jacopi\u00e8re est en train de d\u00e9velopper des partenariats avec des associations et organismes dans le domaine du patrimoine, de l&#8217;architecture, de l&#8217;histoire et de l&#8217;histoire de l&#8217;art afin de tisser un r\u00e9seau dans le cadre du d\u00e9veloppement du Centre International du Patrimoine de Chinon.<\/p>\n\n\n\n<p><\/p>\n\n\n\n<p class=\"has-text-color has-very-dark-gray-color\">Les partenaires  envisag\u00e9s pour des collaborations, des aides financi\u00e8res et logistiques,  sont&nbsp;:<\/p>\n\n\n\n<p><\/p>\n\n\n\n<p class=\"has-text-color has-very-dark-gray-color\"><strong>A l\u2019\u00e9chelle locale&nbsp;:<\/strong><\/p>\n\n\n\n<p class=\"has-text-color has-very-dark-gray-color\">La Ville de Chinon<\/p>\n\n\n\n<p class=\"has-text-color has-very-dark-gray-color\">La Communaut\u00e9 de Communes Chinon Vienne et Loire<\/p>\n\n\n\n<p class=\"has-text-color has-very-dark-gray-color\">Les entreprises de restauration du patrimoine locales<\/p>\n\n\n\n<p class=\"has-text-color has-very-dark-gray-color\">Les architectes locaux<\/p>\n\n\n\n<p class=\"has-text-color has-very-dark-gray-color\">Les associations locales de protection du patrimoine<\/p>\n\n\n\n<p class=\"has-text-color has-very-dark-gray-color\">Le lyc\u00e9e Rabelais<\/p>\n\n\n\n<p class=\"has-text-color has-very-dark-gray-color\">La maison des compagnons du devoir de Chinon (actuellement\ninstall\u00e9 aux Hucherolles)<\/p>\n\n\n\n<p><\/p>\n\n\n\n<p class=\"has-text-color has-very-dark-gray-color\"><strong>A l\u2019\u00e9chelle r\u00e9gionale&nbsp;:<\/strong><\/p>\n\n\n\n<p class=\"has-text-color has-very-dark-gray-color\">Les universit\u00e9s d\u2019Orl\u00e9ans, Le Mans, Tours, Poitiers et\nAngers<\/p>\n\n\n\n<p class=\"has-text-color has-very-dark-gray-color\">Les \u00e9coles de Beaux-Arts<\/p>\n\n\n\n<p class=\"has-text-color has-very-dark-gray-color\">Les entreprises de restauration du patrimoine r\u00e9gionales<\/p>\n\n\n\n<p class=\"has-text-color has-very-dark-gray-color\">Les compagnons du devoir (F\u00e9d\u00e9ration nationale)<\/p>\n\n\n\n<p class=\"has-text-color has-very-dark-gray-color\">Mus\u00e9e du compagnonnage \u00e0 Tours<\/p>\n\n\n\n<p class=\"has-text-color has-very-dark-gray-color\">Les Villes et Pays d\u2019Art et d\u2019Histoire<\/p>\n\n\n\n<p class=\"has-text-color has-very-dark-gray-color\">Le parc naturel r\u00e9gional Loire- Anjou-Touraine<\/p>\n\n\n\n<p class=\"has-text-color has-very-dark-gray-color\">L\u2019ordre des architectes (maison de l\u2019architecture \u00e0 Orl\u00e9ans)<\/p>\n\n\n\n<p class=\"has-text-color has-very-dark-gray-color\">Les DRAC des r\u00e9gions Centre, Pays de la Loire, Nouvelle Aquitaine<\/p>\n\n\n\n<p class=\"has-text-color has-very-dark-gray-color\">Le CAUE et l\u2019ADAC, l&#8217;UDAP de l&#8217;Indre-et-Loire.<\/p>\n\n\n\n<p class=\"has-text-color has-very-dark-gray-color\"><strong>A l\u2019\u00e9chelle nationale<\/strong><\/p>\n\n\n\n<p class=\"has-text-color has-very-dark-gray-color\">Le fonds de dotation C\u0153ur de Ville<\/p>\n\n\n\n<p class=\"has-text-color has-very-dark-gray-color\">Mission Stephan Bern<\/p>\n\n\n\n<p class=\"has-text-color has-very-dark-gray-color\">Associations patrimoniales nationales&nbsp;: VMF, DH, SPEF\netc.<\/p>\n\n\n\n<p class=\"has-text-color has-very-dark-gray-color\">Le minist\u00e8re de la Culture et de la Communication<\/p>\n\n\n\n<p class=\"has-text-color has-very-dark-gray-color\">L\u2019\u00e9cole de Chaillot<\/p>\n\n\n\n<p class=\"has-text-color has-very-dark-gray-color\">L\u2019Association des Architectes du Patrimoine<\/p>\n\n\n\n<p class=\"has-text-color has-very-dark-gray-color\">Le Groupement des Entreprises des Monuments Historiques\n(GMH)<\/p>\n\n\n\n<p class=\"has-text-color has-very-dark-gray-color\">La Fondation du Patrimoine<\/p>\n\n\n\n<p class=\"has-text-color has-very-dark-gray-color\"><strong>A l\u2019\u00e9chelle internationale<\/strong><\/p>\n\n\n\n<p class=\"has-text-color has-very-dark-gray-color\">L\u2019Union Europ\u00e9enne<\/p>\n\n\n\n<p class=\"has-text-color has-very-dark-gray-color\">Des universit\u00e9s \u00e9trang\u00e8res<\/p>\n\n\n\n<p class=\"has-text-color has-very-dark-gray-color\">Des \u00e9coles de formation d\u2019architectes du patrimoine&nbsp;: les \u00e9coles d\u2019architecture de Turin, Florence et Rome en Italie, la facult\u00e9 de Louvain en Belgique<\/p>\n\n\n\n<p class=\"has-text-color has-very-dark-gray-color\">French Heritage Society<\/p>\n\n\n\n<p class=\"has-text-color has-very-dark-gray-color\">National Trust au Royaume Uni <\/p>\n\n\n\n<p class=\"has-text-color has-very-dark-gray-color\">Etc. Liste non exhaustive&#8230;<\/p>\n","protected":false},"excerpt":{"rendered":"<p>L&#8217;Association H\u00f4tel Bodard de la Jacopi\u00e8re est en train de d\u00e9velopper des partenariats avec des associations et organismes dans le &hellip; <a href=\"https:\/\/bodard.eu\/index.php\/partenaires\/\" class=\"more-link\">Continue reading <span class=\"screen-reader-text\">Partenaires<\/span><\/a><\/p>\n","protected":false},"author":1,"featured_media":0,"parent":0,"menu_order":0,"comment_status":"closed","ping_status":"closed","template":"","meta":{"footnotes":""},"class_list":["post-173","page","type-page","status-publish","hentry"],"jetpack_sharing_enabled":true,"_links":{"self":[{"href":"https:\/\/bodard.eu\/index.php\/wp-json\/wp\/v2\/pages\/173","targetHints":{"allow":["GET"]}}],"collection":[{"href":"https:\/\/bodard.eu\/index.php\/wp-json\/wp\/v2\/pages"}],"about":[{"href":"https:\/\/bodard.eu\/index.php\/wp-json\/wp\/v2\/types\/page"}],"author":[{"embeddable":true,"href":"https:\/\/bodard.eu\/index.php\/wp-json\/wp\/v2\/users\/1"}],"replies":[{"embeddable":true,"href":"https:\/\/bodard.eu\/index.php\/wp-json\/wp\/v2\/comments?post=173"}],"version-history":[{"count":9,"href":"https:\/\/bodard.eu\/index.php\/wp-json\/wp\/v2\/pages\/173\/revisions"}],"predecessor-version":[{"id":574,"href":"https:\/\/bodard.eu\/index.php\/wp-json\/wp\/v2\/pages\/173\/revisions\/574"}],"wp:attachment":[{"href":"https:\/\/bodard.eu\/index.php\/wp-json\/wp\/v2\/media?parent=173"}],"curies":[{"name":"wp","href":"https:\/\/api.w.org\/{rel}","templated":true}]}}