{"id":145,"date":"2019-11-19T20:16:28","date_gmt":"2019-11-19T19:16:28","guid":{"rendered":"http:\/\/bodard.eu\/?page_id=145"},"modified":"2024-05-13T14:41:56","modified_gmt":"2024-05-13T12:41:56","slug":"projet-3","status":"publish","type":"page","link":"https:\/\/bodard.eu\/index.php\/projet-3\/","title":{"rendered":"Centre International du Patrimoine"},"content":{"rendered":"\n<p><em>Centre International du Patrimoine (CIP) de Chinon anim\u00e9 par l&#8217;association Bodard de la Jacopi\u00e8re<\/em><\/p>\n\n\n\n<figure class=\"wp-block-image size-full\"><img loading=\"lazy\" decoding=\"async\" width=\"1000\" height=\"750\" data-attachment-id=\"1340\" data-permalink=\"https:\/\/bodard.eu\/index.php\/projet-3\/bod-vue-depuis-la-vienne-02-e1574201424302-2\/\" data-orig-file=\"https:\/\/bodard.eu\/wp-content\/uploads\/2024\/05\/BOD-vue-depuis-la-Vienne-02-e1574201424302.jpg\" data-orig-size=\"1000,750\" data-comments-opened=\"0\" data-image-meta=\"{&quot;aperture&quot;:&quot;2.2&quot;,&quot;credit&quot;:&quot;&quot;,&quot;camera&quot;:&quot;iPhone SE&quot;,&quot;caption&quot;:&quot;&quot;,&quot;created_timestamp&quot;:&quot;1570967791&quot;,&quot;copyright&quot;:&quot;&quot;,&quot;focal_length&quot;:&quot;4.15&quot;,&quot;iso&quot;:&quot;25&quot;,&quot;shutter_speed&quot;:&quot;0.0006631299734748&quot;,&quot;title&quot;:&quot;&quot;,&quot;orientation&quot;:&quot;1&quot;}\" data-image-title=\"BOD-vue-depuis-la-Vienne-02-e1574201424302\" data-image-description=\"\" data-image-caption=\"\" data-large-file=\"https:\/\/bodard.eu\/wp-content\/uploads\/2024\/05\/BOD-vue-depuis-la-Vienne-02-e1574201424302.jpg\" src=\"https:\/\/bodard.eu\/wp-content\/uploads\/2024\/05\/BOD-vue-depuis-la-Vienne-02-e1574201424302.jpg\" alt=\"\" class=\"wp-image-1340\" srcset=\"https:\/\/bodard.eu\/wp-content\/uploads\/2024\/05\/BOD-vue-depuis-la-Vienne-02-e1574201424302.jpg 1000w, https:\/\/bodard.eu\/wp-content\/uploads\/2024\/05\/BOD-vue-depuis-la-Vienne-02-e1574201424302-300x225.jpg 300w, https:\/\/bodard.eu\/wp-content\/uploads\/2024\/05\/BOD-vue-depuis-la-Vienne-02-e1574201424302-768x576.jpg 768w, https:\/\/bodard.eu\/wp-content\/uploads\/2024\/05\/BOD-vue-depuis-la-Vienne-02-e1574201424302-155x116.jpg 155w\" sizes=\"auto, (max-width: 1000px) 100vw, 1000px\" \/><\/figure>\n\n\n\n<p class=\"has-text-align-left has-very-dark-gray-color has-text-color\">Ce projet vise \u00e0 cr\u00e9er un Centre International du Patrimoine dans l\u2019H\u00f4tel Bodard de la Jacopi\u00e8re \u00e0 Chinon. L\u2019\u00e9difice est inscrit en totalit\u00e9 au titre des Monuments Historiques. Il \u00e9tait propri\u00e9t\u00e9 de la Ville de Chinon depuis 1822, apr\u00e8s avoir \u00e9t\u00e9 la r\u00e9sidence de Jean-Baptiste Bodard de la Jacopi\u00e8re, maire de Chinon entre 1813 et 1816 et qui en l\u00e8gue son nom.<\/p>\n\n\n\n<p class=\"has-text-align-left has-very-dark-gray-color has-text-color\">Le 8 f\u00e9vrier 2021 le conseil municipal de la Ville de Chinon a vot\u00e9 \u00e0 l&#8217;unanimit\u00e9 pour la vente de l&#8217;h\u00f4tel \u00e0 la SCI de Liesse, issue de l&#8217;association Bodard et porteur du projet. Le 3 mai la promesse de vente a \u00e9t\u00e9 sign\u00e9, puis la vente d\u00e9finitive  le 16 novembre 2021.<\/p>\n\n\n\n<p class=\"has-text-color\" style=\"color:#0a0a0a\">Le projet de Centre International du Patrimoine vise \u00e0 cr\u00e9er un lieu multiple, d\u2019exposition, de formation et d\u2019\u00e9change o\u00f9 se croiseront public, compagnons, artisans, architectes du Patrimoine, architectes, mais aussi lyc\u00e9ens, \u00e9tudiants, chercheurs, universitaires et \u00e9lus. Il devrait \u00e9galement comprendre un Centre d\u2019Interpr\u00e9tation de l\u2019Architecture et du Patrimoine (CIAP), un dispositif associ\u00e9 au Villes d\u2019Art et d\u2019Histoire, selon le souhait de la Ville de Chinon act\u00e9 par le conseil municipal. Enfin des activit\u00e9s autour du patrimoine gastronomique Chinonais, avec un restaurant, un salon de th\u00e9 et un bar \u00e0 vin\/ d\u00e9gustation de truffes sont \u00e9galement pr\u00e9vus.<\/p>\n\n\n\n<p class=\"has-text-color\" style=\"color:#080808\">Son implantation dans le centre m\u00e9di\u00e9val de Chinon, au sein d\u2019un ensemble de b\u00e2timents datant des XIVe-XVIe si\u00e8cles avec des transformations de tous les si\u00e8cles post\u00e9rieurs, est un atout majeur car les usagers auront les exemples vivants des diff\u00e9rentes \u00e9poques et des m\u00e9thodes de restauration directement \u00e0 port\u00e9e de main.<\/p>\n\n\n\n<p class=\"has-text-color\" style=\"color:#080808\">Ce nouveau lieu projet\u00e9 dans l\u2019H\u00f4tel Bodard de la Jacopi\u00e8re ne cherchera pas \u00e0 concurrencer les lieux\nde formation existants (compagnons du Devoir, centre\nde formation Saint-Luc, \u00e9cole de Chaillot, l\u2019Institut National du Patrimoine\u2026)\nou les formations universitaires, mais il viendra leur apporter le lieu\nd\u2019\u00e9change et de rencontre permettant de f\u00e9d\u00e9rer une dynamique des m\u00e9tiers de la\nrestauration du patrimoine, de l\u2019\u00e9tude de l\u2019histoire de l\u2019art et de communiquer\navec le grand public. <\/p>\n\n\n\n<p class=\"has-text-color\" style=\"color:#060606\">Le Centre International du Patrimoine vise \u00e0 :<\/p>\n\n\n\n<p class=\"has-text-color\" style=\"color:#030a0d\">-\u00e0 accueillir des expositions temporaires en lien avec la Ville d\u2019Art et d\u2019Histoire de Chinon <\/p>\n\n\n\n<p class=\"has-text-color\" style=\"color:#080808\">-\u00e0 accueillir des expositions temporaires li\u00e9es au sujet de la restauration du patrimoine (nous travaillons activement \u00e0 cr\u00e9er un partenariat avec la Cit\u00e9 de l\u2019Architecture et du Patrimoine pour accueillir des expositions dans l\u2019esprit du partenariat entre le mus\u00e9e du Jeu de Paume et le ch\u00e2teau de Tours) <\/p>\n\n\n\n<p class=\"has-text-color\" style=\"color:#0c0c0c\">-\u00e0 offrir des formations professionnelles th\u00e9oriques et pratiques (avec un agr\u00e9ment de formation professionnelle). <\/p>\n\n\n\n<p class=\"has-text-color\" style=\"color:#0c0c0c\">-\u00e0 accueillir un Centre d\u2019Interpr\u00e9tation de l\u2019Architecture et du Patrimoine (CIAP) sur la Ville d\u2019Art et d\u2019Histoire de Chinon <\/p>\n\n\n\n<p class=\"has-text-color\" style=\"color:#080808\">-\u00e0 accueillir des s\u00e9minaires professionnels et universitaires (des partenariats \u00e0 construire avec l\u2019\u00e9cole de Chaillot, les architectes du Patrimoine, le GMH, les universit\u00e9s, comme celle de Tours pour la Renaissance et celle de Poitiers pour le moyen-\u00e2ge), des \u00e9coles de Beaux-Arts\u2026<\/p>\n\n\n\n<p class=\"has-text-color\" style=\"color:#0a0a0a\">-\u00e0 organiser des actions d\u2019initiation et de sensibilisation aux m\u00e9tiers du patrimoine aupr\u00e8s des jeunes afin de les motiver pour choisir ces fili\u00e8res<\/p>\n\n\n\n<p class=\"has-text-color\" style=\"color:#0b0c0c\">-\u00e0 proposer la location de salles de s\u00e9minaire pour d\u2019autres activit\u00e9s et conf\u00e9rences en collaboration avec des h\u00f4tels et restaurants dans le centre-ville.<\/p>\n\n\n\n<p class=\"has-text-color\" style=\"color:#03090c\">-cette liste reste \u00e9volutive et non exhaustive.<\/p>\n\n\n\n<p class=\"has-very-dark-gray-color has-text-color\" style=\"font-size:34px\"><strong>Objectifs<\/strong><\/p>\n\n\n\n<figure class=\"wp-block-image\"><img loading=\"lazy\" decoding=\"async\" width=\"706\" height=\"295\" data-attachment-id=\"57\" data-permalink=\"https:\/\/bodard.eu\/bodard-vue-etat-projete-sur-vienne\/\" data-orig-file=\"https:\/\/bodard.eu\/wp-content\/uploads\/2019\/11\/BODARD-vue-\u00e9tat-projet\u00e9-sur-Vienne.jpg\" data-orig-size=\"706,295\" data-comments-opened=\"1\" data-image-meta=\"{&quot;aperture&quot;:&quot;0&quot;,&quot;credit&quot;:&quot;Admin&quot;,&quot;camera&quot;:&quot;&quot;,&quot;caption&quot;:&quot;&quot;,&quot;created_timestamp&quot;:&quot;1573321705&quot;,&quot;copyright&quot;:&quot;&quot;,&quot;focal_length&quot;:&quot;0&quot;,&quot;iso&quot;:&quot;0&quot;,&quot;shutter_speed&quot;:&quot;0&quot;,&quot;title&quot;:&quot;&quot;,&quot;orientation&quot;:&quot;0&quot;}\" data-image-title=\"BODARD-vue \u00e9tat projet\u00e9 sur Vienne\" data-image-description=\"\" data-image-caption=\"\" data-large-file=\"https:\/\/bodard.eu\/wp-content\/uploads\/2019\/11\/BODARD-vue-\u00e9tat-projet\u00e9-sur-Vienne.jpg\" src=\"https:\/\/bodard.eu\/wp-content\/uploads\/2019\/11\/BODARD-vue-\u00e9tat-projet\u00e9-sur-Vienne.jpg\" alt=\"\" class=\"wp-image-57\" srcset=\"https:\/\/bodard.eu\/wp-content\/uploads\/2019\/11\/BODARD-vue-\u00e9tat-projet\u00e9-sur-Vienne.jpg 706w, https:\/\/bodard.eu\/wp-content\/uploads\/2019\/11\/BODARD-vue-\u00e9tat-projet\u00e9-sur-Vienne-300x125.jpg 300w\" sizes=\"auto, (max-width: 706px) 100vw, 706px\" \/><\/figure>\n\n\n\n<p class=\"has-text-color\" style=\"color:#0b0c0c\">L\u2019objectif du projet est donc de cr\u00e9er un lieu d\u2019\u00e9change et\nde formation autour des m\u00e9tiers du Patrimoine et de la\nconnaissance de l\u2019histoire de l\u2019art et de l\u2019architecture.<\/p>\n\n\n\n<p class=\"has-text-color\" style=\"color:#060606\">Il se veut un lieu ouvert aux professionnels, \u00e9lus et au\npublic par le m\u00e9lange de formations, expositions et s\u00e9minaires.<\/p>\n\n\n\n<p class=\"has-text-color\" style=\"color:#0a0a0a\">En deuxi\u00e8me lieu le centre est vou\u00e9 \u00e0 \u00eatre un moteur de revitalisation du secteur Est du centre ville de Chinon. Par son attractivit\u00e9 il fera venir touristes et professionnels dans cette partie du centre-ville. Ce qui d\u00e9veloppera la restauration, l\u2019h\u00f4tellerie et le commerce de ce secteur et du centre-ville en g\u00e9n\u00e9ral.<\/p>\n\n\n\n<p class=\"has-text-align-left has-text-color\" style=\"color:#0d0d0d;font-size:34px\"><strong>Choix de l\u2019implantation \u00e0 Chinon<\/strong><\/p>\n\n\n\n<p class=\"has-text-color\" style=\"color:#0a0a0a\">Lieu \u00e0 la richesse\nhistorique, patrimoniale et culturelle.<\/p>\n\n\n\n<p class=\"has-text-color\" style=\"color:#0d0d0d\">Au c\u0153ur de la Vall\u00e9e\nde la Loire, la ville de Chinon a de nombreux atouts pour accueillir et voir se\nd\u00e9velopper la cr\u00e9ation d\u2019un Centre International du Patrimoine sur son\nterritoire.<\/p>\n\n\n\n<p class=\"has-text-color\" style=\"color:#0a0a0a\">La ville de Chinon est situ\u00e9e au sud de l\u2019Indre-et-Loire, aux portes des r\u00e9gions Pays de la Loire et Nouvelle-Aquitaine sur un axe central de la carte de France. Par ailleurs, la ville est\nbien desservie par de grands axes autoroutiers et ferroviaires. Plusieurs\narr\u00eats TGV desservent\nles gares de Saumur et de Tours.<\/p>\n\n\n\n<p class=\"has-text-color\" style=\"color:#0b0c0c\">Chinon est un haut\nlieu d\u2019histoire sur\nlequel le ch\u00e2teau veille depuis son promontoire rocheux. La ville fut la capitale des possessions\ncontinentales de la dynastie Plantagen\u00eat&nbsp;: Henri II, roi d\u2019Angleterre y r\u00e9sidait et y\nest d\u00e9c\u00e9d\u00e9 en 1189. Richard C\u0153ur de Lion y a r\u00e9sid\u00e9. Les deux souverains sont inhum\u00e9s\ndans l&#8217;abbatiale voisine de Fontevraud, ainsi que la reine Ali\u00e9nor d&#8217;Aquitaine.\nAu XIIIe si\u00e8cle, la ville redevient possession des rois de France : Philippe\nAuguste fait restaurer la forteresse, et plus tard Charles VII y re\u00e7oit Jeanne d\u2019Arc en 1429. C\u2019est donc un\nlieu important de l\u2019histoire fran\u00e7aise et anglaise.<\/p>\n\n\n\n<p class=\"has-text-color\" style=\"color:#010506\">La qualit\u00e9\npatrimoniale du centre-ville historique de Chinon, o\u00f9 le projet de l\u2019H\u00f4tel\nBodard de la Jacopi\u00e8re se situe, en fait un v\u00e9ritable mus\u00e9e\n\u00e0 ciel ouvert.<\/p>\n\n\n\n<p class=\"has-text-color\" style=\"color:#050708\">L\u2019histoire de\nl\u2019architecture s&#8217;y d\u00e9voile gr\u00e2ce \u00e0 de nombreuses maisons du Moyen-Age (XIV-XVe si\u00e8cles) et de la Renaissance. Parmi ces\nrichesses, on peut\nvoir de nombreux h\u00f4tels\nparticuliers et maison \u00e0 pan-de-bois.<\/p>\n\n\n\n<p class=\"has-text-color\" style=\"color:#0a0a0a\">Le centre-ville est\nprot\u00e9g\u00e9 au titre d\u2019un SPR (Site Patrimonial Remarquable &#8211; anciennement PSMV ou\nsecteur sauvegard\u00e9). L\u2019ensemble\nde la ville est d\u2019ailleurs int\u00e9gr\u00e9 au site Val-de-Loire-UNESCO. <\/p>\n\n\n\n<p class=\"has-text-color\" style=\"color:#060606\">Le Centre\nInternational du Patrimoine a pour ambition d\u2019\u00eatre un lieu de formation,\nd\u2019exposition et de s\u00e9minaires ax\u00e9 sur le patrimoine.<\/p>\n\n\n\n<p class=\"has-text-color\" style=\"color:#080808\">Outre le cadre de la ville, le centre profiterait d\u2019une situation id\u00e9ale de mise en pratique directe. C\u2019est en ce sens que le projet pr\u00e9voit de lier non seulement les professionnels de la restauration du Patrimoine mais aussi des facult\u00e9s d\u2019histoire et d&#8217;histoire de l&#8217;art pour y organiser des s\u00e9minaires profitant du cadre et de l\u2019histoire exceptionnelle de la ville et du b\u00e2timent (facult\u00e9s d\u2019histoire et d&#8217;histoire de l&#8217;art des universit\u00e9s de Tours, Orl\u00e9ans, Poitiers, Angers et Le Mans).<br> <\/p>\n\n\n\n<p class=\"has-text-color\" style=\"color:#060606;font-size:30px\"><strong>Rayonnement\nr\u00e9gional&nbsp;\/ international<\/strong><\/p>\n\n\n\n<figure class=\"wp-block-image size-full\"><img loading=\"lazy\" decoding=\"async\" width=\"797\" height=\"598\" data-attachment-id=\"1325\" data-permalink=\"https:\/\/bodard.eu\/index.php\/projet-3\/221123_flyers_grandesalle_inda-indd-11\/\" data-orig-file=\"https:\/\/bodard.eu\/wp-content\/uploads\/2024\/05\/BODARD_Carte.jpg\" data-orig-size=\"797,598\" data-comments-opened=\"0\" data-image-meta=\"{&quot;aperture&quot;:&quot;0&quot;,&quot;credit&quot;:&quot;&quot;,&quot;camera&quot;:&quot;&quot;,&quot;caption&quot;:&quot;&quot;,&quot;created_timestamp&quot;:&quot;0&quot;,&quot;copyright&quot;:&quot;&quot;,&quot;focal_length&quot;:&quot;0&quot;,&quot;iso&quot;:&quot;0&quot;,&quot;shutter_speed&quot;:&quot;0&quot;,&quot;title&quot;:&quot;221123_Flyers_GrandeSalle_IndA.indd&quot;,&quot;orientation&quot;:&quot;1&quot;}\" data-image-title=\"221123_Flyers_GrandeSalle_IndA.indd\" data-image-description=\"\" data-image-caption=\"\" data-large-file=\"https:\/\/bodard.eu\/wp-content\/uploads\/2024\/05\/BODARD_Carte.jpg\" src=\"https:\/\/bodard.eu\/wp-content\/uploads\/2024\/05\/BODARD_Carte.jpg\" alt=\"\" class=\"wp-image-1325\" srcset=\"https:\/\/bodard.eu\/wp-content\/uploads\/2024\/05\/BODARD_Carte.jpg 797w, https:\/\/bodard.eu\/wp-content\/uploads\/2024\/05\/BODARD_Carte-300x225.jpg 300w, https:\/\/bodard.eu\/wp-content\/uploads\/2024\/05\/BODARD_Carte-768x576.jpg 768w, https:\/\/bodard.eu\/wp-content\/uploads\/2024\/05\/BODARD_Carte-155x116.jpg 155w\" sizes=\"auto, (max-width: 797px) 100vw, 797px\" \/><\/figure>\n\n\n\n<p class=\"has-text-color\" style=\"color:#020608\">La situation de Chinon \u00e0 proximit\u00e9 de trois d\u00e9partements et\ntrois r\u00e9gions en fera un lieu de carrefour et\nd\u2019\u00e9change r\u00e9gional naturel, voire international&nbsp;(accessible en train\ndepuis Paris en 2h15, en avion depuis Tours \u00e0 45 minutes).<\/p>\n\n\n\n<p class=\"has-text-color\" style=\"color:#020608\">De plus la volont\u00e9 d\u2019associer au projet les facult\u00e9s\nd\u2019histoire et d\u2019histoire de l\u2019art des universit\u00e9s majeurs du secteur (Orl\u00e9ans,\nLe Mans, Tours, Poitiers et Angers), ainsi que les \u00e9coles de Beaux-Arts (celle de Tours propose un cursus conservateur-restaurateur\ndu patrimoine), donnera une visibilit\u00e9 r\u00e9gionale au projet.<\/p>\n\n\n\n<p class=\"has-text-color\" style=\"color:#0d0d0d\">La volont\u00e9 d\u2019associer des \u00e9coles d\u2019architecture europ\u00e9ennes \u00e0 ce projet se concr\u00e9tiserait par la mise \u00e0 disposition du lieu pour des cours d\u2019\u00e9t\u00e9 et des s\u00e9minaires sp\u00e9cialis\u00e9s autour des sujets sp\u00e9cifiques (l\u2019architecture romane, le gothique Plantagen\u00eat, l&#8217;architecture de la Renaissance au travers de l&#8217;abondance des exemples r\u00e9gionaux\u2026).<\/p>\n\n\n\n<div class=\"wp-block-columns is-layout-flex wp-container-core-columns-is-layout-9d6595d7 wp-block-columns-is-layout-flex\">\n<div class=\"wp-block-column is-layout-flow wp-block-column-is-layout-flow\" style=\"flex-basis:100%\"><\/div>\n<\/div>\n","protected":false},"excerpt":{"rendered":"<p>Centre International du Patrimoine (CIP) de Chinon anim\u00e9 par l&#8217;association Bodard de la Jacopi\u00e8re Ce projet vise \u00e0 cr\u00e9er un &hellip; <a href=\"https:\/\/bodard.eu\/index.php\/projet-3\/\" class=\"more-link\">Continue reading <span class=\"screen-reader-text\">Centre International du Patrimoine<\/span><\/a><\/p>\n","protected":false},"author":1,"featured_media":0,"parent":0,"menu_order":0,"comment_status":"closed","ping_status":"closed","template":"","meta":{"footnotes":""},"class_list":["post-145","page","type-page","status-publish","hentry"],"jetpack_sharing_enabled":true,"_links":{"self":[{"href":"https:\/\/bodard.eu\/index.php\/wp-json\/wp\/v2\/pages\/145","targetHints":{"allow":["GET"]}}],"collection":[{"href":"https:\/\/bodard.eu\/index.php\/wp-json\/wp\/v2\/pages"}],"about":[{"href":"https:\/\/bodard.eu\/index.php\/wp-json\/wp\/v2\/types\/page"}],"author":[{"embeddable":true,"href":"https:\/\/bodard.eu\/index.php\/wp-json\/wp\/v2\/users\/1"}],"replies":[{"embeddable":true,"href":"https:\/\/bodard.eu\/index.php\/wp-json\/wp\/v2\/comments?post=145"}],"version-history":[{"count":45,"href":"https:\/\/bodard.eu\/index.php\/wp-json\/wp\/v2\/pages\/145\/revisions"}],"predecessor-version":[{"id":1341,"href":"https:\/\/bodard.eu\/index.php\/wp-json\/wp\/v2\/pages\/145\/revisions\/1341"}],"wp:attachment":[{"href":"https:\/\/bodard.eu\/index.php\/wp-json\/wp\/v2\/media?parent=145"}],"curies":[{"name":"wp","href":"https:\/\/api.w.org\/{rel}","templated":true}]}}